{"id":7,"date":"2018-02-18T19:06:56","date_gmt":"2018-02-18T18:06:56","guid":{"rendered":"http:\/\/www.buchschnibbelei-allerlei.de\/?page_id=7"},"modified":"2020-01-10T16:23:58","modified_gmt":"2020-01-10T15:23:58","slug":"startseite","status":"publish","type":"page","link":"https:\/\/www.buchschnibbelei-allerlei.de\/","title":{"rendered":"Startseite"},"content":{"rendered":"<p style=\"text-align: center;\"><span style=\"color: #999999;\">Es ist immer wieder sch\u00f6n, wenn ein neuer Erdenb\u00fcrger zur Welt kommt, Geburtstage gefeiert werden, man zur Hochzeit oder zur Hauseinweihung eingeladen wird .<\/span><\/p>\n<p style=\"text-align: center;\"><span style=\"color: #999999;\">Es gibt viele sch\u00f6ne Anl\u00e4sse um jemanden eine Kleinigkeit zu schenken. Doch es sollte vielleicht mal etwas sein, was nicht jeder hat?<\/span><\/p>\n<p style=\"text-align: center;\"><span style=\"color: #999999;\">Schau Dir auf meiner Webseite meine handgefertigten und mit viel Liebe zum Detail Geschenkideen an. Jedes Buch und jede andere Geschenkidee kann ich ganz nach Deinen W\u00fcnschen anfertigen.<\/span><\/p>\n<p style=\"text-align: center;\"><span style=\"color: #999999;\">Du hast etwas gefunden oder hast eine Idee? Dann kontaktier mich und wir werden das passende Geschenk f\u00fcr Deine Lieben finden.<\/span><\/p>\n<p style=\"text-align: center;\"><span style=\"color: #999999;\">Jedes Buch sowie jede Leinwand und alle Mixed Media Projekte sind individuell angefertigt. Aus diesem Grund habe ich keine B\u00fccher oder \u00e4hnliches auf Vorrat. Ich fertige nach Kundenbestellung und ben\u00f6tige schon eine gewisse Vorlaufzeit von\u00a0 2-3 Wochen.<\/span><\/p>\n<p style=\"text-align: center;\"><span style=\"color: #999999;\">Schau immer mal wieder vorbei und entdecke neue kreative Ideen. Im unteren Bereich findet ihr immer die letzte Kreative Idee.\u00a0<\/span><\/p>\n\n<ul class=\"wp-block-latest-posts__list is-grid columns-3 has-dates aligncenter wp-block-latest-posts\"><li><a class=\"wp-block-latest-posts__post-title\" href=\"https:\/\/www.buchschnibbelei-allerlei.de\/index.php\/2020\/logo-bilder\/10\/389\/\">Pure Hair<\/a><time datetime=\"2020-01-10T16:33:48+01:00\" class=\"wp-block-latest-posts__post-date\">10. Januar 2020<\/time><\/li>\n<li><a class=\"wp-block-latest-posts__post-title\" href=\"https:\/\/www.buchschnibbelei-allerlei.de\/index.php\/2020\/allgemein\/sonstiges\/10\/buchtorte\/\">Buchtorte<\/a><time datetime=\"2020-01-10T15:45:43+01:00\" class=\"wp-block-latest-posts__post-date\">10. Januar 2020<\/time><\/li>\n<li><a class=\"wp-block-latest-posts__post-title\" href=\"https:\/\/www.buchschnibbelei-allerlei.de\/index.php\/2020\/allgemein\/sonstiges\/10\/essensplan\/\">Essensplan<\/a><time datetime=\"2020-01-10T15:39:33+01:00\" class=\"wp-block-latest-posts__post-date\">10. Januar 2020<\/time><\/li>\n<\/ul>","protected":false},"excerpt":{"rendered":"<p>Es ist immer wieder sch\u00f6n, wenn ein neuer Erdenb\u00fcrger zur Welt kommt, Geburtstage gefeiert werden, man zur Hochzeit oder zur Hauseinweihung eingeladen wird . Es gibt viele sch\u00f6ne Anl\u00e4sse um jemanden eine Kleinigkeit zu schenken. Doch es sollte vielleicht mal etwas sein, was nicht jeder hat? Schau Dir auf meiner Webseite meine handgefertigten und mit &hellip; <\/p>\n<p class=\"link-more\"><a href=\"https:\/\/www.buchschnibbelei-allerlei.de\/\" class=\"more-link\"><span class=\"screen-reader-text\">\u201eStartseite\u201c <\/span>weiterlesen<\/a><\/p>\n","protected":false},"author":1,"featured_media":242,"parent":0,"menu_order":0,"comment_status":"closed","ping_status":"closed","template":"","meta":{"footnotes":""},"class_list":["post-7","page","type-page","status-publish","has-post-thumbnail","hentry"],"aioseo_notices":[],"_links":{"self":[{"href":"https:\/\/www.buchschnibbelei-allerlei.de\/index.php\/wp-json\/wp\/v2\/pages\/7","targetHints":{"allow":["GET"]}}],"collection":[{"href":"https:\/\/www.buchschnibbelei-allerlei.de\/index.php\/wp-json\/wp\/v2\/pages"}],"about":[{"href":"https:\/\/www.buchschnibbelei-allerlei.de\/index.php\/wp-json\/wp\/v2\/types\/page"}],"author":[{"embeddable":true,"href":"https:\/\/www.buchschnibbelei-allerlei.de\/index.php\/wp-json\/wp\/v2\/users\/1"}],"replies":[{"embeddable":true,"href":"https:\/\/www.buchschnibbelei-allerlei.de\/index.php\/wp-json\/wp\/v2\/comments?post=7"}],"version-history":[{"count":12,"href":"https:\/\/www.buchschnibbelei-allerlei.de\/index.php\/wp-json\/wp\/v2\/pages\/7\/revisions"}],"predecessor-version":[{"id":388,"href":"https:\/\/www.buchschnibbelei-allerlei.de\/index.php\/wp-json\/wp\/v2\/pages\/7\/revisions\/388"}],"wp:featuredmedia":[{"embeddable":true,"href":"https:\/\/www.buchschnibbelei-allerlei.de\/index.php\/wp-json\/wp\/v2\/media\/242"}],"wp:attachment":[{"href":"https:\/\/www.buchschnibbelei-allerlei.de\/index.php\/wp-json\/wp\/v2\/media?parent=7"}],"curies":[{"name":"wp","href":"https:\/\/api.w.org\/{rel}","templated":true}]}}